{"id":8,"date":"2014-12-01T10:56:11","date_gmt":"2014-12-01T08:56:11","guid":{"rendered":"http:\/\/scaramouche.fi\/?page_id=8"},"modified":"2015-10-03T15:11:11","modified_gmt":"2015-10-03T12:11:11","slug":"news","status":"publish","type":"page","link":"https:\/\/www.kroma.fi\/scaramouche\/","title":{"rendered":"Scaramouche"},"content":{"rendered":"<p>Jean Sibeliuksen \u201dScaramouche\u201d (Op. 71, 1913) balettipantomiimi on mestaris\u00e4velt\u00e4j\u00e4n unohdettu aarre. Teoksen uutta luova versio, jossa Sibeliuksen vivahteikkaat el\u00e4m\u00e4nvaiheet yhdistyv\u00e4t h\u00e4nen nerokkaaseen n\u00e4ytt\u00e4m\u00f6musiikkiinsa, saa ensiesityksen 16.1.2015 Espoon Tapiolasalissa. S\u00e4velteos visualisoidaan elokuvan keinoin. Tarinan inspiraation l\u00e4hteit\u00e4 ovat Jean ja Aino Sibeliuksen kirjeenvaihto ja Sibeliuksen p\u00e4iv\u00e4kirjamerkinn\u00e4t. Keski\u00f6ss\u00e4 on taiteellinen luomisprosessi.<\/p>\n<p>Scaramouche musiikin esitt\u00e4\u00e4 Tapiola Sinfonietta kapellimestari Tuomas Hannikaisen johdolla. Esitys on osa Hannikaisen Sibelius-Akatemiaan valmistelemaa tohtoraattia, jonka aihe on Sibeliuksen n\u00e4ytt\u00e4m\u00f6musiikki. \u201dMusiikkidraamoista kiinnostuneena kapellimestarina katson Scaramouche s\u00e4velteoksen olevan ainutlaatuisen kiinnostava ja taiteidenv\u00e4lisi\u00e4 toteutusmahdollisuuksia avaava s\u00e4velteos. Tavoitteena on musiikin ja kuvan orgaaninen, dynaaminen yhteys. Visualisointi maalaa realismin ja alitajunnan akanvirroissa liikkuvan symbolistisen ja unenomaisen sielunmaiseman\u201d, toteaa Hannikainen.<\/p>\n<p>Elokuvasuunnittelusta vastaa ty\u00f6ryhm\u00e4 Tuomas Hannikainen, Marikki Hakola, Raimo Uunila ja Lauri Danska. Visualisoinnin tuottaja on Kroma Productions Oy. Visualisoinnin toteutusta ovat tukeneet Taiteen edist\u00e4miskeskuksen Musiikkitoimikunta, Opetus- ja kulttuuriministeri\u00f6 ja Tapiola Sinfonietta. Scaramouche on osa Sibelius150 juhlavuoden 2015 ohjelmistoa.<\/p>\n<p><a href=\"https:\/\/www.kroma.fi\/scaramouche\/wp-content\/uploads\/2014\/12\/Tuomas-Hannikainen-Sibeliuksen-Scaramouche.pdf\" target=\"_blank\">Tuomas Hannikaisen kirjoitus &#8221;Sibeliuksen Scaramouche&#8221;<\/a><\/p>\n<p><b>\u00a0<a href=\"https:\/\/www.kroma.fi\/scaramouche\/wp-content\/uploads\/2014\/12\/scaramouche-juliste.png\" data-rel=\"lightbox-image-0\" data-rl_title=\"\" data-rl_caption=\"\" title=\"\"><img loading=\"lazy\" decoding=\"async\" class=\"alignleft size-large wp-image-361\" src=\"https:\/\/www.kroma.fi\/scaramouche\/wp-content\/uploads\/2014\/12\/scaramouche-juliste-510x1024.png\" alt=\"scaramouche-juliste\" width=\"510\" height=\"1024\" data-id=\"361\" srcset=\"https:\/\/www.kroma.fi\/scaramouche\/wp-content\/uploads\/2014\/12\/scaramouche-juliste-510x1024.png 510w, https:\/\/www.kroma.fi\/scaramouche\/wp-content\/uploads\/2014\/12\/scaramouche-juliste-149x300.png 149w, https:\/\/www.kroma.fi\/scaramouche\/wp-content\/uploads\/2014\/12\/scaramouche-juliste.png 1172w\" sizes=\"auto, (max-width: 510px) 100vw, 510px\" \/><\/a><\/b><\/p>","protected":false},"excerpt":{"rendered":"<p>Jean Sibeliuksen \u201dScaramouche\u201d (Op. 71, 1913) balettipantomiimi on mestaris\u00e4velt\u00e4j\u00e4n unohdettu aarre. Teoksen uutta luova versio, jossa Sibeliuksen vivahteikkaat el\u00e4m\u00e4nvaiheet yhdistyv\u00e4t h\u00e4nen nerokkaaseen n\u00e4ytt\u00e4m\u00f6musiikkiinsa, saa ensiesityksen 16.1.2015 Espoon Tapiolasalissa. S\u00e4velteos visualisoidaan elokuvan keinoin. Tarinan inspiraation l\u00e4hteit\u00e4 ovat Jean ja Aino Sibeliuksen<span class=\"ellipsis\">&hellip;<\/span><\/p>\n<div class=\"read-more\"><a href=\"https:\/\/www.kroma.fi\/scaramouche\/\">Lue lis\u00e4\u00e4 \u203a<\/a><\/div>\n<p><!-- end of .read-more --><\/p>\n","protected":false},"author":1,"featured_media":0,"parent":0,"menu_order":1,"comment_status":"closed","ping_status":"closed","template":"","meta":{"footnotes":""},"class_list":["post-8","page","type-page","status-publish","hentry"],"_links":{"self":[{"href":"https:\/\/www.kroma.fi\/scaramouche\/wp-json\/wp\/v2\/pages\/8","targetHints":{"allow":["GET"]}}],"collection":[{"href":"https:\/\/www.kroma.fi\/scaramouche\/wp-json\/wp\/v2\/pages"}],"about":[{"href":"https:\/\/www.kroma.fi\/scaramouche\/wp-json\/wp\/v2\/types\/page"}],"author":[{"embeddable":true,"href":"https:\/\/www.kroma.fi\/scaramouche\/wp-json\/wp\/v2\/users\/1"}],"replies":[{"embeddable":true,"href":"https:\/\/www.kroma.fi\/scaramouche\/wp-json\/wp\/v2\/comments?post=8"}],"version-history":[{"count":28,"href":"https:\/\/www.kroma.fi\/scaramouche\/wp-json\/wp\/v2\/pages\/8\/revisions"}],"predecessor-version":[{"id":363,"href":"https:\/\/www.kroma.fi\/scaramouche\/wp-json\/wp\/v2\/pages\/8\/revisions\/363"}],"wp:attachment":[{"href":"https:\/\/www.kroma.fi\/scaramouche\/wp-json\/wp\/v2\/media?parent=8"}],"curies":[{"name":"wp","href":"https:\/\/api.w.org\/{rel}","templated":true}]}}