{"id":12,"date":"2014-12-01T10:56:46","date_gmt":"2014-12-01T08:56:46","guid":{"rendered":"http:\/\/scaramouche.fi\/?page_id=12"},"modified":"2015-01-13T12:15:15","modified_gmt":"2015-01-13T10:15:15","slug":"tiedotus","status":"publish","type":"page","link":"https:\/\/www.kroma.fi\/scaramouche\/tiedotus\/","title":{"rendered":"Tiedotus"},"content":{"rendered":"<p><b>Scaramouche tiedotteet<\/b><br \/>\n<a href=\"https:\/\/www.kroma.fi\/scaramouche\/wp-content\/uploads\/2014\/12\/Scaramouche-TIEDOTE-13.1.2015.pdf\">Scaramouche Tiedote\u00a013.1.2015<\/a><\/p>\n<p><b>Tuomas Hannikaisen kirjoitus<\/b><br \/>\n<a href=\"https:\/\/www.kroma.fi\/scaramouche\/wp-content\/uploads\/2014\/12\/Tuomas-Hannikainen-Sibeliuksen-Scaramouche.pdf\" target=\"_blank\">&#8221;Sibeliuksen Scaramouche&#8221;<\/a><\/p>\n<p><strong>Suunnitteluryhm\u00e4n Curriculum Vitaet<\/strong><br \/>\n<a href=\"https:\/\/www.kroma.fi\/scaramouche\/wp-content\/uploads\/2014\/12\/Tuomas-Hannikainen-CV.pdf\" target=\"_blank\">Tuomas Hannikainen CV<\/a><br \/>\n<a href=\"http:\/\/www.kroma.fi\/wp-content\/uploads\/2012\/05\/Marikki_Hakola_CV_Engl1.pdf\" target=\"_blank\">Marikki Hakola CV<\/a><br \/>\n<a href=\"http:\/\/www.grape.fi\/Grape\/cv_raimo.html\" target=\"_blank\">Raimo Uunila CV<\/a><br \/>\n<a href=\"https:\/\/www.kroma.fi\/scaramouche\/wp-content\/uploads\/2014\/12\/Danska_CV_12_01_2015.pdf\" target=\"_blank\">Lauri Danska CV<\/a><\/p>\n<p><strong>Tietoa tuotantoyhti\u00f6st\u00e4<\/strong><br \/>\n<a href=\"http:\/\/www.kroma.fi\" target=\"_blank\">Kroma Productions Oy<\/a><\/p>\n<p><div id=\"attachment_334\" style=\"width: 520px\" class=\"wp-caption alignleft\"><a href=\"https:\/\/www.kroma.fi\/scaramouche\/wp-content\/uploads\/2014\/12\/scaramouche-kuvana.png\" data-rel=\"lightbox-image-0\" data-rl_title=\"\" data-rl_caption=\"\" title=\"\"><img loading=\"lazy\" decoding=\"async\" aria-describedby=\"caption-attachment-334\" class=\"wp-image-334 size-large\" src=\"https:\/\/www.kroma.fi\/scaramouche\/wp-content\/uploads\/2014\/12\/scaramouche-kuvana-510x1024.png\" alt=\"Scaramouche Poster\" width=\"510\" height=\"1024\" data-id=\"334\" srcset=\"https:\/\/www.kroma.fi\/scaramouche\/wp-content\/uploads\/2014\/12\/scaramouche-kuvana-510x1024.png 510w, https:\/\/www.kroma.fi\/scaramouche\/wp-content\/uploads\/2014\/12\/scaramouche-kuvana-149x300.png 149w, https:\/\/www.kroma.fi\/scaramouche\/wp-content\/uploads\/2014\/12\/scaramouche-kuvana.png 1172w\" sizes=\"auto, (max-width: 510px) 100vw, 510px\" \/><\/a><p id=\"caption-attachment-334\" class=\"wp-caption-text\">Scaramouche juliste<\/p><\/div><\/p>","protected":false},"excerpt":{"rendered":"<p>Scaramouche tiedotteet Scaramouche Tiedote\u00a013.1.2015 Tuomas Hannikaisen kirjoitus &#8221;Sibeliuksen Scaramouche&#8221; Suunnitteluryhm\u00e4n Curriculum Vitaet Tuomas Hannikainen CV Marikki Hakola CV Raimo Uunila CV Lauri Danska CV Tietoa tuotantoyhti\u00f6st\u00e4 Kroma Productions Oy<\/p>\n","protected":false},"author":1,"featured_media":0,"parent":0,"menu_order":2,"comment_status":"closed","ping_status":"closed","template":"","meta":{"footnotes":""},"class_list":["post-12","page","type-page","status-publish","hentry"],"_links":{"self":[{"href":"https:\/\/www.kroma.fi\/scaramouche\/wp-json\/wp\/v2\/pages\/12","targetHints":{"allow":["GET"]}}],"collection":[{"href":"https:\/\/www.kroma.fi\/scaramouche\/wp-json\/wp\/v2\/pages"}],"about":[{"href":"https:\/\/www.kroma.fi\/scaramouche\/wp-json\/wp\/v2\/types\/page"}],"author":[{"embeddable":true,"href":"https:\/\/www.kroma.fi\/scaramouche\/wp-json\/wp\/v2\/users\/1"}],"replies":[{"embeddable":true,"href":"https:\/\/www.kroma.fi\/scaramouche\/wp-json\/wp\/v2\/comments?post=12"}],"version-history":[{"count":47,"href":"https:\/\/www.kroma.fi\/scaramouche\/wp-json\/wp\/v2\/pages\/12\/revisions"}],"predecessor-version":[{"id":357,"href":"https:\/\/www.kroma.fi\/scaramouche\/wp-json\/wp\/v2\/pages\/12\/revisions\/357"}],"wp:attachment":[{"href":"https:\/\/www.kroma.fi\/scaramouche\/wp-json\/wp\/v2\/media?parent=12"}],"curies":[{"name":"wp","href":"https:\/\/api.w.org\/{rel}","templated":true}]}}