{"id":10,"date":"2014-12-01T10:56:27","date_gmt":"2014-12-01T08:56:27","guid":{"rendered":"http:\/\/scaramouche.fi\/?page_id=10"},"modified":"2015-01-19T15:46:04","modified_gmt":"2015-01-19T13:46:04","slug":"tekijat","status":"publish","type":"page","link":"https:\/\/www.kroma.fi\/scaramouche\/tekijat\/","title":{"rendered":"Tekij\u00e4t"},"content":{"rendered":"<p><strong>Musiikki: Jean Sibelius \u201dScaramouche\u201d\u00a0<span class=\"Apple-style-span\">(Op. 71, 1913)<\/span><\/strong><\/p>\n<p><strong>Kokonaisidea, musiikin ja tekstien muokkaus: Tuomas Hannikainen<\/strong><\/p>\n<p><strong>K\u00e4sikirjoitus, ohjaus, leikkaus:\u00a0Tuomas Hannikainen,\u00a0Raimo Uunila<\/strong><\/p>\n<p><strong>Suunnitteluryhm\u00e4:\u00a0Tuomas Hannikainen,\u00a0Marikki Hakola, Raimo Uunila, Lauri Danska\u00a0<\/strong><\/p>\n<p><strong>Kuvaus ja valaisu:\u00a0Raimo Uunila<\/strong><\/p>\n<p><strong>2. kamera:\u00a0Lauri Danska<\/strong><\/p>\n<p><strong>Puvustus, lavastus, rekvisiitta:\u00a0Tuomas Hannikainen<\/strong><\/p>\n<p><strong>N\u00e4yttelij\u00e4t: Tuomas Hannikainen,\u00a0Juho Pohjola,\u00a0Camilla Sir\u00e9n<\/strong><\/p>\n<p><strong>Kameraoperaattorit:\u00a0Atte Henriksson,\u00a0Camilla Sir\u00e9n<\/strong><\/p>\n<p><strong>Kopterikamera:\u00a0Janne Halmkrona<\/strong><\/p>\n<p><strong>Graafinen suunnittelu:\u00a0Camilla Sir\u00e9n<\/strong><\/p>\n<p><strong>Kirjanpito:\u00a0Sirkku Cantell<\/strong><\/p>\n<p><strong>Vastaava tuottaja:\u00a0Marikki Hakola<\/strong><\/p>\n<p><strong>Tuotantoyhti\u00f6:\u00a0Kroma Productions Oy 2015<\/strong><\/p>\n<p><strong>\u00a0<\/strong><\/p>\n<p><strong>Orkesteri:\u00a0Tapiola Sinfonietta<\/strong><\/p>\n<p><strong> Kapellimestari:\u00a0Tuomas Hannikainen<\/strong><\/p>\n<p><strong>\u00a0<\/strong><\/p>\n<p><strong>Tarinan inspiraation l\u00e4hteit\u00e4:<\/strong><br \/>\n<strong> &#8221;Syd\u00e4men aamu&#8221; 2001, &#8221;Tulen synty&#8221; 2003 ja &#8221;Syysilta&#8221; 2007, toimittanut\u00a0SuviSirkku Talas, k\u00e4\u00e4nt\u00e4j\u00e4 Oili Suominen, SKS.<\/strong><br \/>\n<strong> &#8221;Jean Sibelius 3&#8221;, Erik\u00a0Tawaststjerna, 1971,\u00a0Otava.<\/strong><\/p>\n<p><strong>\u00a0<\/strong><\/p>\n<p><strong>Tukijat:<\/strong><br \/>\n<strong> Opetus- ja kulttuuriministeri\u00f6,\u00a0Sibelius 150 Juhlavuoden erityistuki<\/strong><br \/>\n<strong> Musiikkitoimikunta, Taiteen edist\u00e4miskeskus<\/strong><br \/>\n<strong> Tapiola Sinfonietta, Espoon kaupunki<\/strong><\/p>\n<p><strong>\u00a0<\/strong><\/p>\n<p><strong>L\u00e4mmin kiitos:<\/strong><br \/>\n<strong> Sibeliuksen perikunta, Tapiola Sinfonietta orkesteri, Hanna Kosonen, Helena V\u00e4rri, Sebastian Djupsj\u00f6backa,\u00a0Sibelius-Akatemian DocMus-osasto, Marcus Castren, Veijo Murtom\u00e4ki, Timo Virtanen, Kalle Holmberg, Lauri Tarasti, P\u00e4ivi Takala, Kustannusosakeyhti\u00f6 Siltala, Aleksi Siltala, Erik S\u00f6derblom, Suomalaisen kirjallisuuden seura, SuviSirkku Talas, Stor-Sarvlaks g\u00e5rd, Birgitta Dahlberg, Teatterikorkeakoulu, Heli Hyyti\u00e4, Kati Mantere, Epa Tamminen, Milla Moilanen, Pentti Keskim\u00e4ki, Miika Puustinen, Teemu Liakka, Petteri Saario, Camilla Sir\u00e9n, Per\u00e4-Pohjolan paja, Juho Pohjola, Hanna Heimala, Mika Simola, Antti Ollila, Karri Ollila, Heikki Nieminen, Markku Hartikainen, Pietari Tamminen, Perinnety\u00f6 Jari Tolin, Koristevalu Reetta Kauranen, Soitin Laine, Sessak, Jokikadun antikvariaatti, Lisitzinin taidemuseo, Maria de Lisitzin, Porvoon seudun musiikkiopisto, P\u00e4ivi Honkaniemi, Orvokki Stenstr\u00f6m, Kristiina Ik\u00e4valko-Alvas.<\/strong><\/p>\n<p><strong>\u00a0<\/strong><\/p>\n<p><a href=\"https:\/\/www.kroma.fi\/scaramouche\/wp-content\/uploads\/2014\/12\/sibeliuslogo.png\" data-rel=\"lightbox-image-0\" data-rl_title=\"\" data-rl_caption=\"\" title=\"\"><img loading=\"lazy\" decoding=\"async\" class=\"alignnone  wp-image-100\" src=\"https:\/\/www.kroma.fi\/scaramouche\/wp-content\/uploads\/2014\/12\/sibeliuslogo-300x72.png\" alt=\"sibeliuslogo\" width=\"263\" height=\"63\" data-id=\"100\" srcset=\"https:\/\/www.kroma.fi\/scaramouche\/wp-content\/uploads\/2014\/12\/sibeliuslogo-300x72.png 300w, https:\/\/www.kroma.fi\/scaramouche\/wp-content\/uploads\/2014\/12\/sibeliuslogo.png 573w\" sizes=\"auto, (max-width: 263px) 100vw, 263px\" \/><\/a>\u00a0 \u00a0 \u00a0 \u00a0 \u00a0\u00a0<a href=\"https:\/\/www.kroma.fi\/scaramouche\/wp-content\/uploads\/2014\/12\/OKM_FI_2rivi_logot_ISO.jpg\" data-rel=\"lightbox-image-1\" data-rl_title=\"\" data-rl_caption=\"\" title=\"\"><img loading=\"lazy\" decoding=\"async\" class=\"alignnone  wp-image-102\" style=\"outline-width: 1px; outline-style: solid; outline-color: #777777; resize: none;\" src=\"https:\/\/www.kroma.fi\/scaramouche\/wp-content\/uploads\/2014\/12\/OKM_FI_2rivi_logot_ISO-300x75.jpg\" alt=\"OKM_FI_2rivi_logot_ISO\" width=\"268\" height=\"67\" data-id=\"102\" srcset=\"https:\/\/www.kroma.fi\/scaramouche\/wp-content\/uploads\/2014\/12\/OKM_FI_2rivi_logot_ISO-300x75.jpg 300w, https:\/\/www.kroma.fi\/scaramouche\/wp-content\/uploads\/2014\/12\/OKM_FI_2rivi_logot_ISO-1024x259.jpg 1024w\" sizes=\"auto, (max-width: 268px) 100vw, 268px\" \/><\/a><\/p>\n<p><a href=\"https:\/\/www.kroma.fi\/scaramouche\/wp-content\/uploads\/2014\/12\/taike_v131213b_musiikki_vaaka.png\" data-rel=\"lightbox-image-2\" data-rl_title=\"\" data-rl_caption=\"\" title=\"\"><img loading=\"lazy\" decoding=\"async\" class=\"alignnone size-large wp-image-103\" src=\"https:\/\/www.kroma.fi\/scaramouche\/wp-content\/uploads\/2014\/12\/taike_v131213b_musiikki_vaaka-1024x178.png\" alt=\"taike_v131213b_musiikki_vaaka\" width=\"605\" height=\"105\" data-id=\"103\" srcset=\"https:\/\/www.kroma.fi\/scaramouche\/wp-content\/uploads\/2014\/12\/taike_v131213b_musiikki_vaaka-1024x178.png 1024w, https:\/\/www.kroma.fi\/scaramouche\/wp-content\/uploads\/2014\/12\/taike_v131213b_musiikki_vaaka-300x52.png 300w, https:\/\/www.kroma.fi\/scaramouche\/wp-content\/uploads\/2014\/12\/taike_v131213b_musiikki_vaaka.png 1978w\" sizes=\"auto, (max-width: 605px) 100vw, 605px\" \/><\/a><a href=\"https:\/\/www.kroma.fi\/scaramouche\/wp-content\/uploads\/2014\/12\/Tapiola-Sinfonietta-logo-mustalla-pohjalla.jpg\" data-rel=\"lightbox-image-3\" data-rl_title=\"\" data-rl_caption=\"\" title=\"\"><img loading=\"lazy\" decoding=\"async\" class=\"alignnone size-medium wp-image-104\" src=\"https:\/\/www.kroma.fi\/scaramouche\/wp-content\/uploads\/2014\/12\/Tapiola-Sinfonietta-logo-mustalla-pohjalla-300x115.jpg\" alt=\"Tapiola-Sinfonietta-logo-mustalla-pohjalla\" width=\"300\" height=\"115\" data-id=\"104\" srcset=\"https:\/\/www.kroma.fi\/scaramouche\/wp-content\/uploads\/2014\/12\/Tapiola-Sinfonietta-logo-mustalla-pohjalla-300x115.jpg 300w, https:\/\/www.kroma.fi\/scaramouche\/wp-content\/uploads\/2014\/12\/Tapiola-Sinfonietta-logo-mustalla-pohjalla-1024x393.jpg 1024w\" sizes=\"auto, (max-width: 300px) 100vw, 300px\" \/><\/a>\u00a0 \u00a0 \u00a0<img loading=\"lazy\" decoding=\"async\" class=\"alignnone  wp-image-101\" src=\"https:\/\/www.kroma.fi\/scaramouche\/wp-content\/uploads\/2014\/12\/Kroma_logo-vaaka.jpg\" alt=\"Kroma_logo (vaaka)\" width=\"191\" height=\"113\" data-id=\"101\" \/><\/p>","protected":false},"excerpt":{"rendered":"<p>Musiikki: Jean Sibelius \u201dScaramouche\u201d\u00a0(Op. 71, 1913) Kokonaisidea, musiikin ja tekstien muokkaus: Tuomas Hannikainen K\u00e4sikirjoitus, ohjaus, leikkaus:\u00a0Tuomas Hannikainen,\u00a0Raimo Uunila Suunnitteluryhm\u00e4:\u00a0Tuomas Hannikainen,\u00a0Marikki Hakola, Raimo Uunila, Lauri Danska\u00a0 Kuvaus ja valaisu:\u00a0Raimo Uunila 2. kamera:\u00a0Lauri Danska Puvustus, lavastus, rekvisiitta:\u00a0Tuomas Hannikainen N\u00e4yttelij\u00e4t: Tuomas Hannikainen,\u00a0Juho Pohjola,\u00a0Camilla<span class=\"ellipsis\">&hellip;<\/span><\/p>\n<div class=\"read-more\"><a href=\"https:\/\/www.kroma.fi\/scaramouche\/tekijat\/\">Lue lis\u00e4\u00e4 \u203a<\/a><\/div>\n<p><!-- end of .read-more --><\/p>\n","protected":false},"author":1,"featured_media":0,"parent":0,"menu_order":1,"comment_status":"closed","ping_status":"closed","template":"","meta":{"footnotes":""},"class_list":["post-10","page","type-page","status-publish","hentry"],"_links":{"self":[{"href":"https:\/\/www.kroma.fi\/scaramouche\/wp-json\/wp\/v2\/pages\/10","targetHints":{"allow":["GET"]}}],"collection":[{"href":"https:\/\/www.kroma.fi\/scaramouche\/wp-json\/wp\/v2\/pages"}],"about":[{"href":"https:\/\/www.kroma.fi\/scaramouche\/wp-json\/wp\/v2\/types\/page"}],"author":[{"embeddable":true,"href":"https:\/\/www.kroma.fi\/scaramouche\/wp-json\/wp\/v2\/users\/1"}],"replies":[{"embeddable":true,"href":"https:\/\/www.kroma.fi\/scaramouche\/wp-json\/wp\/v2\/comments?post=10"}],"version-history":[{"count":72,"href":"https:\/\/www.kroma.fi\/scaramouche\/wp-json\/wp\/v2\/pages\/10\/revisions"}],"predecessor-version":[{"id":358,"href":"https:\/\/www.kroma.fi\/scaramouche\/wp-json\/wp\/v2\/pages\/10\/revisions\/358"}],"wp:attachment":[{"href":"https:\/\/www.kroma.fi\/scaramouche\/wp-json\/wp\/v2\/media?parent=10"}],"curies":[{"name":"wp","href":"https:\/\/api.w.org\/{rel}","templated":true}]}}