{"id":10,"date":"2014-12-01T10:56:27","date_gmt":"2014-12-01T08:56:27","guid":{"rendered":"http:\/\/scaramouche.fi\/?page_id=10"},"modified":"2015-01-19T15:46:04","modified_gmt":"2015-01-19T13:46:04","slug":"tekijat","status":"publish","type":"page","link":"https:\/\/www.kroma.fi\/scaramouche\/en\/tekijat\/","title":{"rendered":"Credits"},"content":{"rendered":"<p><strong>Music: Jean Sibelius \u201dScaramouche\u201d\u00a0<span class=\"Apple-style-span\">(Op. 71, 1913)<\/span><\/strong><\/p>\n<p><strong>Original Idea, Music and Text Editing: Tuomas Hannikainen<\/strong><\/p>\n<p><strong>Script, Direction, Editing:\u00a0Tuomas Hannikainen,\u00a0Raimo Uunila<\/strong><\/p>\n<p><strong>Planning Team:\u00a0Tuomas Hannikainen, Marikki Hakola,\u00a0Raimo Uunila, Lauri Danska <\/strong><\/p>\n<p><strong>Camera and Lights:\u00a0Raimo Uunila<\/strong><\/p>\n<p><strong>2. Camera:\u00a0Lauri Danska<\/strong><\/p>\n<p><strong>Props, Costumes, Sets:\u00a0Tuomas Hannikainen<\/strong><\/p>\n<p><strong>Actors: Tuomas Hannikainen,\u00a0Juho Pohjola,\u00a0Camilla Sir\u00e9n<\/strong><\/p>\n<p><strong>Camera Operators:\u00a0Atte Henriksson,\u00a0Camilla Sir\u00e9n<\/strong><\/p>\n<p><strong>Coptercam:\u00a0Janne Halmkrona<\/strong><\/p>\n<p><strong>Graphic Design:\u00a0Camilla Sir\u00e9n<\/strong><\/p>\n<p><strong>Accounts:\u00a0Sirkku Cantell<\/strong><\/p>\n<p><strong>Executive Producer:\u00a0Marikki Hakola<\/strong><\/p>\n<p><strong>Production Company:\u00a0Kroma Productions Ltd. 2015<\/strong><\/p>\n<p><strong>\u00a0<\/strong><\/p>\n<p><strong>Chamber Orchestra:\u00a0Tapiola Sinfonietta<\/strong><\/p>\n<p><strong>Conductor:\u00a0Tuomas Hannikainen<\/strong><\/p>\n<p><strong>\u00a0<\/strong><\/p>\n<p><strong>The Story is Inspired by:<\/strong><\/p>\n<p><strong>&#8220;Syd\u00e4men aamu&#8221; 2001, &#8220;Tulen synty&#8221; 2003, &#8220;Syysilta&#8221; 2007, Edited by\u00a0SuviSirkku Talas, Finnish Translation\u00a0Oili Suominen, SKS.<\/strong><\/p>\n<p><strong>&#8220;Jean Sibelius 3&#8221;, Erik\u00a0Tawaststjerna, 1971,\u00a0Otava.<\/strong><\/p>\n<p>&nbsp;<\/p>\n<p><b>Supported by:<\/b><\/p>\n<p><strong>Ministry of Culture and Education,\u00a0Sibelius 150\u00a0Jubilee Grant<\/strong><\/p>\n<p><strong>National Council for Music,\u00a0Arts Promotion Centre Finland<\/strong><\/p>\n<p><strong>Tapiola Sinfonietta, Espoo\u00a0City<\/strong><\/p>\n<p><strong>\u00a0<\/strong><\/p>\n<p><b>Warm Thanks:<\/b><\/p>\n<p><strong>Sibelius\u00a0Heir, Tapiola Sinfonietta\u00a0Chamber\u00a0Orchestra, Hanna Kosonen, Helena V\u00e4rri, Sebastian Djupsj\u00f6backa,\u00a0Sibelius-Academy DocMus\u00a0Department, Marcus Castren, Veijo Murtom\u00e4ki, Timo Virtanen, Kalle Holmberg, Lauri Tarasti, P\u00e4ivi Takala, Siltala Publishing, Aleksi Siltala, Erik S\u00f6derblom, Finnish Literature Society, SuviSirkku Talas, Stor-Sarvlaks g\u00e5rd, Birgitta Dahlberg, Theatre Academy Helsinki, Heli Hyyti\u00e4, Kati Mantere, Epa Tamminen, Milla Moilanen, Pentti Keskim\u00e4ki, Miika Puustinen, Teemu Liakka, Petteri Saario, Camilla Sir\u00e9n, Per\u00e4-Pohjola Blacksmith Workshop, Juho Pohjola, Hanna Heimala, Mika Simola, Antti Ollila, Karri Ollila, Heikki Nieminen, Markku Hartikainen, Pietari Tamminen, Perinnety\u00f6 Jari Tolin, Koristevalu Reetta Kauranen, Soitin Laine, Sessak, Jokikadun antikvariaatti, Lisitzin Art Museum, Maria de Lisitzin, Porvoo Music School, P\u00e4ivi Honkaniemi, Orvokki Stenstr\u00f6m, Kristiina Ik\u00e4valko-Alvas.<\/strong><\/p>\n<p>&nbsp;<\/p>\n<p><a href=\"https:\/\/www.kroma.fi\/scaramouche\/wp-content\/uploads\/2014\/12\/sibeliuslogo.png\" data-rel=\"lightbox-image-0\" data-rl_title=\"\" data-rl_caption=\"\" title=\"\"><img loading=\"lazy\" decoding=\"async\" class=\"alignnone  wp-image-100\" src=\"https:\/\/www.kroma.fi\/scaramouche\/wp-content\/uploads\/2014\/12\/sibeliuslogo-300x72.png\" alt=\"sibeliuslogo\" width=\"263\" height=\"63\" data-id=\"100\" srcset=\"https:\/\/www.kroma.fi\/scaramouche\/wp-content\/uploads\/2014\/12\/sibeliuslogo-300x72.png 300w, https:\/\/www.kroma.fi\/scaramouche\/wp-content\/uploads\/2014\/12\/sibeliuslogo.png 573w\" sizes=\"auto, (max-width: 263px) 100vw, 263px\" \/><\/a>\u00a0 \u00a0 \u00a0 \u00a0 \u00a0\u00a0<a href=\"https:\/\/www.kroma.fi\/scaramouche\/wp-content\/uploads\/2014\/12\/OKM_FI_2rivi_logot_ISO.jpg\" data-rel=\"lightbox-image-1\" data-rl_title=\"\" data-rl_caption=\"\" title=\"\"><img loading=\"lazy\" decoding=\"async\" class=\"alignnone  wp-image-102\" style=\"outline-width: 1px; outline-style: solid; outline-color: #777777; resize: none;\" src=\"https:\/\/www.kroma.fi\/scaramouche\/wp-content\/uploads\/2014\/12\/OKM_FI_2rivi_logot_ISO-300x75.jpg\" alt=\"OKM_FI_2rivi_logot_ISO\" width=\"268\" height=\"67\" data-id=\"102\" srcset=\"https:\/\/www.kroma.fi\/scaramouche\/wp-content\/uploads\/2014\/12\/OKM_FI_2rivi_logot_ISO-300x75.jpg 300w, https:\/\/www.kroma.fi\/scaramouche\/wp-content\/uploads\/2014\/12\/OKM_FI_2rivi_logot_ISO-1024x259.jpg 1024w\" sizes=\"auto, (max-width: 268px) 100vw, 268px\" \/><\/a><\/p>\n<p><a href=\"https:\/\/www.kroma.fi\/scaramouche\/wp-content\/uploads\/2014\/12\/taike_v131213b_musiikki_vaaka.png\" data-rel=\"lightbox-image-2\" data-rl_title=\"\" data-rl_caption=\"\" title=\"\"><img loading=\"lazy\" decoding=\"async\" class=\"alignnone size-large wp-image-103\" src=\"https:\/\/www.kroma.fi\/scaramouche\/wp-content\/uploads\/2014\/12\/taike_v131213b_musiikki_vaaka-1024x178.png\" alt=\"taike_v131213b_musiikki_vaaka\" width=\"605\" height=\"105\" data-id=\"103\" srcset=\"https:\/\/www.kroma.fi\/scaramouche\/wp-content\/uploads\/2014\/12\/taike_v131213b_musiikki_vaaka-1024x178.png 1024w, https:\/\/www.kroma.fi\/scaramouche\/wp-content\/uploads\/2014\/12\/taike_v131213b_musiikki_vaaka-300x52.png 300w, https:\/\/www.kroma.fi\/scaramouche\/wp-content\/uploads\/2014\/12\/taike_v131213b_musiikki_vaaka.png 1978w\" sizes=\"auto, (max-width: 605px) 100vw, 605px\" \/><\/a><a href=\"https:\/\/www.kroma.fi\/scaramouche\/wp-content\/uploads\/2014\/12\/Tapiola-Sinfonietta-logo-mustalla-pohjalla.jpg\" data-rel=\"lightbox-image-3\" data-rl_title=\"\" data-rl_caption=\"\" title=\"\"><img loading=\"lazy\" decoding=\"async\" class=\"alignnone size-medium wp-image-104\" src=\"https:\/\/www.kroma.fi\/scaramouche\/wp-content\/uploads\/2014\/12\/Tapiola-Sinfonietta-logo-mustalla-pohjalla-300x115.jpg\" alt=\"Tapiola-Sinfonietta-logo-mustalla-pohjalla\" width=\"300\" height=\"115\" data-id=\"104\" srcset=\"https:\/\/www.kroma.fi\/scaramouche\/wp-content\/uploads\/2014\/12\/Tapiola-Sinfonietta-logo-mustalla-pohjalla-300x115.jpg 300w, https:\/\/www.kroma.fi\/scaramouche\/wp-content\/uploads\/2014\/12\/Tapiola-Sinfonietta-logo-mustalla-pohjalla-1024x393.jpg 1024w\" sizes=\"auto, (max-width: 300px) 100vw, 300px\" \/><\/a>\u00a0 \u00a0 \u00a0<img loading=\"lazy\" decoding=\"async\" class=\"alignnone  wp-image-101\" src=\"https:\/\/www.kroma.fi\/scaramouche\/wp-content\/uploads\/2014\/12\/Kroma_logo-vaaka.jpg\" alt=\"Kroma_logo (vaaka)\" width=\"191\" height=\"113\" data-id=\"101\" \/><\/p>","protected":false},"excerpt":{"rendered":"<p>Music: Jean Sibelius \u201dScaramouche\u201d\u00a0(Op. 71, 1913) Original Idea, Music and Text Editing: Tuomas Hannikainen Script, Direction, Editing:\u00a0Tuomas Hannikainen,\u00a0Raimo Uunila Planning Team:\u00a0Tuomas Hannikainen, Marikki Hakola,\u00a0Raimo Uunila, Lauri Danska Camera and Lights:\u00a0Raimo Uunila 2. Camera:\u00a0Lauri Danska Props, Costumes, Sets:\u00a0Tuomas Hannikainen Actors: Tuomas<span class=\"ellipsis\">&hellip;<\/span><\/p>\n<div class=\"read-more\"><a href=\"https:\/\/www.kroma.fi\/scaramouche\/en\/tekijat\/\">Read more &#8250;<\/a><\/div>\n<p><!-- end of .read-more --><\/p>\n","protected":false},"author":1,"featured_media":0,"parent":0,"menu_order":1,"comment_status":"closed","ping_status":"closed","template":"","meta":{"footnotes":""},"class_list":["post-10","page","type-page","status-publish","hentry"],"_links":{"self":[{"href":"https:\/\/www.kroma.fi\/scaramouche\/en\/wp-json\/wp\/v2\/pages\/10","targetHints":{"allow":["GET"]}}],"collection":[{"href":"https:\/\/www.kroma.fi\/scaramouche\/en\/wp-json\/wp\/v2\/pages"}],"about":[{"href":"https:\/\/www.kroma.fi\/scaramouche\/en\/wp-json\/wp\/v2\/types\/page"}],"author":[{"embeddable":true,"href":"https:\/\/www.kroma.fi\/scaramouche\/en\/wp-json\/wp\/v2\/users\/1"}],"replies":[{"embeddable":true,"href":"https:\/\/www.kroma.fi\/scaramouche\/en\/wp-json\/wp\/v2\/comments?post=10"}],"version-history":[{"count":72,"href":"https:\/\/www.kroma.fi\/scaramouche\/en\/wp-json\/wp\/v2\/pages\/10\/revisions"}],"predecessor-version":[{"id":358,"href":"https:\/\/www.kroma.fi\/scaramouche\/en\/wp-json\/wp\/v2\/pages\/10\/revisions\/358"}],"wp:attachment":[{"href":"https:\/\/www.kroma.fi\/scaramouche\/en\/wp-json\/wp\/v2\/media?parent=10"}],"curies":[{"name":"wp","href":"https:\/\/api.w.org\/{rel}","templated":true}]}}